{"id":526,"date":"2025-04-16T10:26:09","date_gmt":"2025-04-16T10:26:09","guid":{"rendered":"https:\/\/subirananadons.es\/accessibilitat\/"},"modified":"2025-10-28T14:46:22","modified_gmt":"2025-10-28T14:46:22","slug":"accessibilitat","status":"publish","type":"page","link":"https:\/\/subirananadons.es\/ca\/accessibilitat\/","title":{"rendered":"Accessibilitat"},"content":{"rendered":"\t\t<div data-elementor-type=\"wp-page\" data-elementor-id=\"526\" class=\"elementor elementor-526 elementor-272\" data-elementor-post-type=\"page\">\n\t\t\t\t<div class=\"elementor-element elementor-element-37ef930 e-flex e-con-boxed e-con e-parent\" data-id=\"37ef930\" data-element_type=\"container\" data-settings=\"{&quot;background_background&quot;:&quot;classic&quot;,&quot;position&quot;:&quot;fixed&quot;}\">\n\t\t\t\t\t<div class=\"e-con-inner\">\n\t\t\t\t\t<\/div>\n\t\t\t\t<\/div>\n\t\t<div class=\"elementor-element elementor-element-06a6f87 e-flex e-con-boxed e-con e-parent\" data-id=\"06a6f87\" data-element_type=\"container\" id=\"jugadores\" data-settings=\"{&quot;background_background&quot;:&quot;video&quot;}\">\n\t\t\t\t\t<div class=\"e-con-inner\">\n\t\t\t\t<div class=\"elementor-element elementor-element-bdcb3d6 elementor-invisible elementor-widget elementor-widget-heading\" data-id=\"bdcb3d6\" data-element_type=\"widget\" data-settings=\"{&quot;_animation&quot;:&quot;zoomIn&quot;}\" data-widget_type=\"heading.default\">\n\t\t\t\t<div class=\"elementor-widget-container\">\n\t\t\t\t\t<h2 class=\"elementor-heading-title elementor-size-default\">Accessibilitat<\/h2>\t\t\t\t<\/div>\n\t\t\t\t<\/div>\n\t\t<div class=\"elementor-element elementor-element-d5b5ab1 e-flex e-con-boxed e-con e-child\" data-id=\"d5b5ab1\" data-element_type=\"container\" data-settings=\"{&quot;background_background&quot;:&quot;classic&quot;}\">\n\t\t\t\t\t<div class=\"e-con-inner\">\n\t\t\t\t<div class=\"elementor-element elementor-element-32be705 elementor-widget elementor-widget-text-editor\" data-id=\"32be705\" data-element_type=\"widget\" data-widget_type=\"text-editor.default\">\n\t\t\t\t<div class=\"elementor-widget-container\">\n\t\t\t\t\t\t\t\t\t<p>MORRAL CORS S.L. se ha comprometido a hacer accesible su sitio web, de conformidad con el <a class=\"ext\" href=\"https:\/\/www.boe.es\/diario_boe\/txt.php?id=BOE-A-2018-12699\" target=\"_blank\" rel=\"noopener noreferrer\" data-extlink=\"\" data-insuit-uuid=\"06b55ca3-c663-49c7-a5e8-7deb8b8fc015\">Real Decreto 1112\/2018, de 7 de septiembre, sobre accesibilidad de los sitios web y aplicaciones para dispositivos m\u00f3viles del sector p\u00fablico.<\/a><\/p><p>La presente declaraci\u00f3n de accesibilidad se aplica al sitio web <a href=\"\/\">subirananadons.es<\/a><\/p>\t\t\t\t\t\t\t\t<\/div>\n\t\t\t\t<\/div>\n\t\t\t\t<div class=\"elementor-element elementor-element-4df2c0a elementor-widget elementor-widget-heading\" data-id=\"4df2c0a\" data-element_type=\"widget\" data-widget_type=\"heading.default\">\n\t\t\t\t<div class=\"elementor-widget-container\">\n\t\t\t\t\t<h2 class=\"elementor-heading-title elementor-size-default\">Situaci\u00f3n de cumplimiento<\/h2>\t\t\t\t<\/div>\n\t\t\t\t<\/div>\n\t\t\t\t<div class=\"elementor-element elementor-element-2f98326 elementor-widget elementor-widget-text-editor\" data-id=\"2f98326\" data-element_type=\"widget\" data-widget_type=\"text-editor.default\">\n\t\t\t\t<div class=\"elementor-widget-container\">\n\t\t\t\t\t\t\t\t\t<p>Este sitio web es parcialmente conforme con el <a class=\"ext\" href=\"https:\/\/www.boe.es\/diario_boe\/txt.php?id=BOE-A-2018-12699\" target=\"_blank\" rel=\"noopener noreferrer\" data-extlink=\"\" data-insuit-uuid=\"ca8ecb6f-6f37-4b01-8854-bb095d57c27a\">RD 1112\/2018<\/a> debido a las excepciones y a la falta de conformidad de los aspectos que se indican en el siguiente punto.<\/p>\t\t\t\t\t\t\t\t<\/div>\n\t\t\t\t<\/div>\n\t\t\t\t<div class=\"elementor-element elementor-element-7411538 elementor-widget elementor-widget-heading\" data-id=\"7411538\" data-element_type=\"widget\" data-widget_type=\"heading.default\">\n\t\t\t\t<div class=\"elementor-widget-container\">\n\t\t\t\t\t<h2 class=\"elementor-heading-title elementor-size-default\">Contenido no accesible<\/h2>\t\t\t\t<\/div>\n\t\t\t\t<\/div>\n\t\t\t\t<div class=\"elementor-element elementor-element-6e7e904 elementor-widget elementor-widget-text-editor\" data-id=\"6e7e904\" data-element_type=\"widget\" data-widget_type=\"text-editor.default\">\n\t\t\t\t<div class=\"elementor-widget-container\">\n\t\t\t\t\t\t\t\t\t<p>El contenido que se recoge a continuaci\u00f3n no es accesible por lo siguiente:<\/p><div class=\"i4t-include-i4t-h2-h3\" role=\"region\" aria-labelledby=\"i4t-id-5\" data-insuit-uuid=\"fa0833d9-b9bb-4e39-a1f5-869d267dec02\"><p id=\"i4t-id-5\" class=\"i4t-h2-h3 i4t-reference-include\">Falta de conformidad con el RD 1112\/2018:<\/p><p>Podr\u00edan existir documentos ofim\u00e1ticos en PDF y otros formatos publicados posteriormente al 20 de septiembre de 2018 que no cumplan en su totalidad los requisitos de accesibilidad. Se pueden solicitar los documentos completamente accesibles desde el formulario de contacto para formalizar quejas y consultas. <\/p><p>Podr\u00edan existir errores de c\u00f3digo puntuales de edici\u00f3n en alguna p\u00e1gina web. [4.1.1 Procesamiento] <\/p><\/div><div class=\"i4t-include-i4t-h2-h3\" role=\"region\" aria-labelledby=\"i4t-id-6\" data-insuit-uuid=\"ba62b608-735c-464d-81cb-9a032bf363f7\"><p id=\"i4t-id-6\" class=\"i4t-h2-h3 i4t-reference-include\">Carga desproporcionada:<\/p><p>No aplica.<\/p><\/div><div class=\"i4t-include-i4t-h2-h3\" role=\"region\" aria-labelledby=\"i4t-id-7\" data-insuit-uuid=\"889dbae3-f236-4f03-9776-77818804307f\"><p id=\"i4t-id-7\" class=\"i4t-h2-h3 i4t-reference-include\">El contenido no entra dentro del \u00e1mbito de la legislaci\u00f3n aplicable:<\/p><p>Podr\u00edan existir archivos ofim\u00e1ticos en PDF u otros formatos publicados antes del 20 de septiembre de 2018 que no cumplan en su totalidad todos los requisitos de accesibilidad. Aunque se ha procurado que la mayor\u00eda de ellos s\u00ed lo cumplan. <\/p><\/div>\t\t\t\t\t\t\t\t<\/div>\n\t\t\t\t<\/div>\n\t\t\t\t<div class=\"elementor-element elementor-element-a7401d7 elementor-widget elementor-widget-heading\" data-id=\"a7401d7\" data-element_type=\"widget\" data-widget_type=\"heading.default\">\n\t\t\t\t<div class=\"elementor-widget-container\">\n\t\t\t\t\t<h2 class=\"elementor-heading-title elementor-size-default\">Preparaci\u00f3n para la siguiente declaraci\u00f3n de accesibilidad<\/h2>\t\t\t\t<\/div>\n\t\t\t\t<\/div>\n\t\t\t\t<div class=\"elementor-element elementor-element-e395a95 elementor-widget elementor-widget-text-editor\" data-id=\"e395a95\" data-element_type=\"widget\" data-widget_type=\"text-editor.default\">\n\t\t\t\t<div class=\"elementor-widget-container\">\n\t\t\t\t\t\t\t\t\t<p>La presente declaraci\u00f3n fue preparada el 28 de junio de 2021.<\/p><p>El m\u00e9todo empleado para preparar la declaraci\u00f3n ha sido una autoevaluaci\u00f3n llevada a cabo por el propio organismo.<\/p><div class=\"mb-3 subtitle_3\">Observaciones y datos de contacto<\/div><p>Puede realizar comunicaciones sobre requisitos de accesibilidad (art\u00edculo 10.2.a del RD 1112\/2018) como, por ejemplo:<\/p><ul><li>Informar sobre cualquier posible incumplimiento por parte de este sitio web<\/li><li>Transmitir otras dificultades de acceso al contenido<\/li><li>Formular cualquier otra consulta o sugerencia de mejora relativa a la accesibilidad del sitio web<\/li><\/ul><p>a trav\u00e9s de nuestra p\u00e1gina de Contacto.<\/p><p>Podeu presentar:<\/p><ul><li>Queja relativa al cumplimiento de los requisitos del RD 1112\/2018 o<\/li><li>Solicitud de Informaci\u00f3n accesible relativa a:<ul><li>Contenidos que est\u00e1n excluidos del \u00e1mbito de aplicaci\u00f3n del RD 1112\/2018 seg\u00fan lo establecido por el art\u00edculo 3, apartado 4<\/li><li>Contenidos que est\u00e1n exentos del cumplimiento de los requisitos de accesibilidad por imponer una carga desproporcionada<\/li><\/ul><\/li><\/ul><p>En la Solicitud de informaci\u00f3n accesible, se debe concretar, con toda claridad, los hechos, razones y petici\u00f3n que permitan constatar que se trata de una solicitud razonable y leg\u00edtima.<\/p><p>Las quejas y reclamaciones sobre informaci\u00f3n accesible se realizar\u00e1n a trav\u00e9s de la sede electr\u00f3nica (<a class=\"ext\" href=\"https:\/\/sede.red.gob.es\/procedimientos\/quejas-y-sugerencias\" target=\"_blank\" rel=\"noopener noreferrer\" data-extlink=\"\" data-insuit-uuid=\"c0c5004f-eaa8-4c2f-9545-39e4691beba2\">quejas y sugerencias gob.es<\/a>), y ser\u00e1n recibidas y tratadas por el \u00e1rea de Sistemas<\/p>\t\t\t\t\t\t\t\t<\/div>\n\t\t\t\t<\/div>\n\t\t\t\t<div class=\"elementor-element elementor-element-a38fdac elementor-widget elementor-widget-heading\" data-id=\"a38fdac\" data-element_type=\"widget\" data-widget_type=\"heading.default\">\n\t\t\t\t<div class=\"elementor-widget-container\">\n\t\t\t\t\t<h2 class=\"elementor-heading-title elementor-size-default\">Contenido opcional<\/h2>\t\t\t\t<\/div>\n\t\t\t\t<\/div>\n\t\t\t\t<div class=\"elementor-element elementor-element-9613556 elementor-widget elementor-widget-text-editor\" data-id=\"9613556\" data-element_type=\"widget\" data-widget_type=\"text-editor.default\">\n\t\t\t\t<div class=\"elementor-widget-container\">\n\t\t\t\t\t\t\t\t\t<p>Este portal est\u00e1 dise\u00f1ado para poder cambiar el tama\u00f1o del texto y el color, as\u00ed como el fondo de la p\u00e1gina mediante las opciones de configuraci\u00f3n est\u00e1ndar de los navegadores.<\/p><p>Si desea cambiar el tama\u00f1o de letra del texto en los principales navegadores gr\u00e1ficos utilice los siguientes men\u00fas:<\/p><p>Internet Explorer, Mozilla y Firefox: Ver \u2013 Tama\u00f1o del texto<\/p><p>Opera: Ver \u2013 Zoom<\/p><p>Safari: Ver \u2013 Hacer el texto m\u00e1s grande<\/p><p>Chrome: Controla la p\u00e1gina actual \u2013 Tama\u00f1o del texto<\/p><p>Para modificar el tama\u00f1o de todo en la p\u00e1gina:<\/p><ul><li>Ctrl + + para aumentarlo<\/li><li>Ctrl + \u2013 para disminuirlo<\/li><li>Ctrl + 0 restaura el tama\u00f1o original del texto<\/li><li>Si lo que quiere es anular la hoja de estilos o modificar el color del texto, puede consultar la p\u00e1gina <span dir=\"ltr\" lang=\"en\">How to Change Text Size or Colors de la WAI<\/span>, que se puede leer traducida al espa\u00f1ol en \u00bfC\u00f3mo cambiar el tama\u00f1o del texto o colores?<\/li><\/ul>\t\t\t\t\t\t\t\t<\/div>\n\t\t\t\t<\/div>\n\t\t\t\t\t<\/div>\n\t\t\t\t<\/div>\n\t\t\t\t\t<\/div>\n\t\t\t\t<\/div>\n\t\t\t\t<\/div>\n\t\t","protected":false},"excerpt":{"rendered":"<p>Accessibilitat MORRAL CORS S.L. se ha comprometido a hacer accesible su sitio web, de conformidad con el Real Decreto 1112\/2018, de 7 de septiembre, sobre accesibilidad de los sitios web y aplicaciones para dispositivos m\u00f3viles del sector p\u00fablico. La presente declaraci\u00f3n de accesibilidad se aplica al sitio web subirananadons.es Situaci\u00f3n de cumplimiento Este sitio web [&hellip;]<\/p>\n","protected":false},"author":1,"featured_media":0,"parent":0,"menu_order":0,"comment_status":"closed","ping_status":"closed","template":"","meta":{"footnotes":""},"class_list":["post-526","page","type-page","status-publish","hentry"],"yoast_head":"<!-- This site is optimized with the Yoast SEO plugin v26.2 - https:\/\/yoast.com\/wordpress\/plugins\/seo\/ -->\n<title>Accessibilitat - Subirana Nadons<\/title>\n<meta name=\"robots\" content=\"index, follow, max-snippet:-1, max-image-preview:large, max-video-preview:-1\" \/>\n<link rel=\"canonical\" href=\"https:\/\/subirananadons.es\/ca\/accessibilitat\/\" \/>\n<meta property=\"og:locale\" content=\"ca_ES\" \/>\n<meta property=\"og:type\" content=\"article\" \/>\n<meta property=\"og:title\" content=\"Accessibilitat - Subirana Nadons\" \/>\n<meta property=\"og:description\" content=\"Accessibilitat MORRAL CORS S.L. se ha comprometido a hacer accesible su sitio web, de conformidad con el Real Decreto 1112\/2018, de 7 de septiembre, sobre accesibilidad de los sitios web y aplicaciones para dispositivos m\u00f3viles del sector p\u00fablico. La presente declaraci\u00f3n de accesibilidad se aplica al sitio web subirananadons.es Situaci\u00f3n de cumplimiento Este sitio web [&hellip;]\" \/>\n<meta property=\"og:url\" content=\"https:\/\/subirananadons.es\/ca\/accessibilitat\/\" \/>\n<meta property=\"og:site_name\" content=\"Subirana Nadons\" \/>\n<meta property=\"article:modified_time\" content=\"2025-10-28T14:46:22+00:00\" \/>\n<meta name=\"twitter:card\" content=\"summary_large_image\" \/>\n<meta name=\"twitter:label1\" content=\"Temps estimat de lectura\" \/>\n\t<meta name=\"twitter:data1\" content=\"3 minuts\" \/>\n<script type=\"application\/ld+json\" class=\"yoast-schema-graph\">{\"@context\":\"https:\/\/schema.org\",\"@graph\":[{\"@type\":\"WebPage\",\"@id\":\"https:\/\/subirananadons.es\/ca\/accessibilitat\/\",\"url\":\"https:\/\/subirananadons.es\/ca\/accessibilitat\/\",\"name\":\"Accessibilitat - Subirana Nadons\",\"isPartOf\":{\"@id\":\"https:\/\/subirananadons.es\/ca\/#website\"},\"datePublished\":\"2025-04-16T10:26:09+00:00\",\"dateModified\":\"2025-10-28T14:46:22+00:00\",\"breadcrumb\":{\"@id\":\"https:\/\/subirananadons.es\/ca\/accessibilitat\/#breadcrumb\"},\"inLanguage\":\"ca\",\"potentialAction\":[{\"@type\":\"ReadAction\",\"target\":[\"https:\/\/subirananadons.es\/ca\/accessibilitat\/\"]}]},{\"@type\":\"BreadcrumbList\",\"@id\":\"https:\/\/subirananadons.es\/ca\/accessibilitat\/#breadcrumb\",\"itemListElement\":[{\"@type\":\"ListItem\",\"position\":1,\"name\":\"Portada\",\"item\":\"https:\/\/subirananadons.es\/ca\/\"},{\"@type\":\"ListItem\",\"position\":2,\"name\":\"Accessibilitat\"}]},{\"@type\":\"WebSite\",\"@id\":\"https:\/\/subirananadons.es\/ca\/#website\",\"url\":\"https:\/\/subirananadons.es\/ca\/\",\"name\":\"Subirana Nadons\",\"description\":\"\",\"publisher\":{\"@id\":\"https:\/\/subirananadons.es\/ca\/#organization\"},\"potentialAction\":[{\"@type\":\"SearchAction\",\"target\":{\"@type\":\"EntryPoint\",\"urlTemplate\":\"https:\/\/subirananadons.es\/ca\/?s={search_term_string}\"},\"query-input\":{\"@type\":\"PropertyValueSpecification\",\"valueRequired\":true,\"valueName\":\"search_term_string\"}}],\"inLanguage\":\"ca\"},{\"@type\":\"Organization\",\"@id\":\"https:\/\/subirananadons.es\/ca\/#organization\",\"name\":\"Subirana Nadons\",\"url\":\"https:\/\/subirananadons.es\/ca\/\",\"logo\":{\"@type\":\"ImageObject\",\"inLanguage\":\"ca\",\"@id\":\"https:\/\/subirananadons.es\/ca\/#\/schema\/logo\/image\/\",\"url\":\"\",\"contentUrl\":\"\",\"caption\":\"Subirana Nadons\"},\"image\":{\"@id\":\"https:\/\/subirananadons.es\/ca\/#\/schema\/logo\/image\/\"}}]}<\/script>\n<!-- \/ Yoast SEO plugin. -->","yoast_head_json":{"title":"Accessibilitat - Subirana Nadons","robots":{"index":"index","follow":"follow","max-snippet":"max-snippet:-1","max-image-preview":"max-image-preview:large","max-video-preview":"max-video-preview:-1"},"canonical":"https:\/\/subirananadons.es\/ca\/accessibilitat\/","og_locale":"ca_ES","og_type":"article","og_title":"Accessibilitat - Subirana Nadons","og_description":"Accessibilitat MORRAL CORS S.L. se ha comprometido a hacer accesible su sitio web, de conformidad con el Real Decreto 1112\/2018, de 7 de septiembre, sobre accesibilidad de los sitios web y aplicaciones para dispositivos m\u00f3viles del sector p\u00fablico. La presente declaraci\u00f3n de accesibilidad se aplica al sitio web subirananadons.es Situaci\u00f3n de cumplimiento Este sitio web [&hellip;]","og_url":"https:\/\/subirananadons.es\/ca\/accessibilitat\/","og_site_name":"Subirana Nadons","article_modified_time":"2025-10-28T14:46:22+00:00","twitter_card":"summary_large_image","twitter_misc":{"Temps estimat de lectura":"3 minuts"},"schema":{"@context":"https:\/\/schema.org","@graph":[{"@type":"WebPage","@id":"https:\/\/subirananadons.es\/ca\/accessibilitat\/","url":"https:\/\/subirananadons.es\/ca\/accessibilitat\/","name":"Accessibilitat - Subirana Nadons","isPartOf":{"@id":"https:\/\/subirananadons.es\/ca\/#website"},"datePublished":"2025-04-16T10:26:09+00:00","dateModified":"2025-10-28T14:46:22+00:00","breadcrumb":{"@id":"https:\/\/subirananadons.es\/ca\/accessibilitat\/#breadcrumb"},"inLanguage":"ca","potentialAction":[{"@type":"ReadAction","target":["https:\/\/subirananadons.es\/ca\/accessibilitat\/"]}]},{"@type":"BreadcrumbList","@id":"https:\/\/subirananadons.es\/ca\/accessibilitat\/#breadcrumb","itemListElement":[{"@type":"ListItem","position":1,"name":"Portada","item":"https:\/\/subirananadons.es\/ca\/"},{"@type":"ListItem","position":2,"name":"Accessibilitat"}]},{"@type":"WebSite","@id":"https:\/\/subirananadons.es\/ca\/#website","url":"https:\/\/subirananadons.es\/ca\/","name":"Subirana Nadons","description":"","publisher":{"@id":"https:\/\/subirananadons.es\/ca\/#organization"},"potentialAction":[{"@type":"SearchAction","target":{"@type":"EntryPoint","urlTemplate":"https:\/\/subirananadons.es\/ca\/?s={search_term_string}"},"query-input":{"@type":"PropertyValueSpecification","valueRequired":true,"valueName":"search_term_string"}}],"inLanguage":"ca"},{"@type":"Organization","@id":"https:\/\/subirananadons.es\/ca\/#organization","name":"Subirana Nadons","url":"https:\/\/subirananadons.es\/ca\/","logo":{"@type":"ImageObject","inLanguage":"ca","@id":"https:\/\/subirananadons.es\/ca\/#\/schema\/logo\/image\/","url":"","contentUrl":"","caption":"Subirana Nadons"},"image":{"@id":"https:\/\/subirananadons.es\/ca\/#\/schema\/logo\/image\/"}}]}},"_links":{"self":[{"href":"https:\/\/subirananadons.es\/ca\/wp-json\/wp\/v2\/pages\/526","targetHints":{"allow":["GET"]}}],"collection":[{"href":"https:\/\/subirananadons.es\/ca\/wp-json\/wp\/v2\/pages"}],"about":[{"href":"https:\/\/subirananadons.es\/ca\/wp-json\/wp\/v2\/types\/page"}],"author":[{"embeddable":true,"href":"https:\/\/subirananadons.es\/ca\/wp-json\/wp\/v2\/users\/1"}],"replies":[{"embeddable":true,"href":"https:\/\/subirananadons.es\/ca\/wp-json\/wp\/v2\/comments?post=526"}],"version-history":[{"count":4,"href":"https:\/\/subirananadons.es\/ca\/wp-json\/wp\/v2\/pages\/526\/revisions"}],"predecessor-version":[{"id":1223,"href":"https:\/\/subirananadons.es\/ca\/wp-json\/wp\/v2\/pages\/526\/revisions\/1223"}],"wp:attachment":[{"href":"https:\/\/subirananadons.es\/ca\/wp-json\/wp\/v2\/media?parent=526"}],"curies":[{"name":"wp","href":"https:\/\/api.w.org\/{rel}","templated":true}]}}