{"id":524,"date":"2025-04-16T10:12:42","date_gmt":"2025-04-16T10:12:42","guid":{"rendered":"https:\/\/subirananadons.es\/avis-legal\/"},"modified":"2025-10-28T14:45:17","modified_gmt":"2025-10-28T14:45:17","slug":"avis-legal","status":"publish","type":"page","link":"https:\/\/subirananadons.es\/ca\/avis-legal\/","title":{"rendered":"Av\u00eds Legal"},"content":{"rendered":"\t\t<div data-elementor-type=\"wp-page\" data-elementor-id=\"524\" class=\"elementor elementor-524 elementor-265\" data-elementor-post-type=\"page\">\n\t\t\t\t<div class=\"elementor-element elementor-element-37ef930 e-flex e-con-boxed e-con e-parent\" data-id=\"37ef930\" data-element_type=\"container\" data-settings=\"{&quot;background_background&quot;:&quot;classic&quot;,&quot;position&quot;:&quot;fixed&quot;}\">\n\t\t\t\t\t<div class=\"e-con-inner\">\n\t\t\t\t\t<\/div>\n\t\t\t\t<\/div>\n\t\t<div class=\"elementor-element elementor-element-06a6f87 e-flex e-con-boxed e-con e-parent\" data-id=\"06a6f87\" data-element_type=\"container\" id=\"jugadores\" data-settings=\"{&quot;background_background&quot;:&quot;video&quot;}\">\n\t\t\t\t\t<div class=\"e-con-inner\">\n\t\t\t\t<div class=\"elementor-element elementor-element-bdcb3d6 elementor-invisible elementor-widget elementor-widget-heading\" data-id=\"bdcb3d6\" data-element_type=\"widget\" data-settings=\"{&quot;_animation&quot;:&quot;zoomIn&quot;}\" data-widget_type=\"heading.default\">\n\t\t\t\t<div class=\"elementor-widget-container\">\n\t\t\t\t\t<h2 class=\"elementor-heading-title elementor-size-default\">Av\u00eds Legal<\/h2>\t\t\t\t<\/div>\n\t\t\t\t<\/div>\n\t\t<div class=\"elementor-element elementor-element-d5b5ab1 e-flex e-con-boxed e-con e-child\" data-id=\"d5b5ab1\" data-element_type=\"container\" data-settings=\"{&quot;background_background&quot;:&quot;classic&quot;}\">\n\t\t\t\t\t<div class=\"e-con-inner\">\n\t\t\t\t<div class=\"elementor-element elementor-element-a28eab4 elementor-widget elementor-widget-heading\" data-id=\"a28eab4\" data-element_type=\"widget\" data-widget_type=\"heading.default\">\n\t\t\t\t<div class=\"elementor-widget-container\">\n\t\t\t\t\t<h2 class=\"elementor-heading-title elementor-size-default\">Introducci\u00f3n\n<\/h2>\t\t\t\t<\/div>\n\t\t\t\t<\/div>\n\t\t\t\t<div class=\"elementor-element elementor-element-dd59d2f elementor-widget elementor-widget-text-editor\" data-id=\"dd59d2f\" data-element_type=\"widget\" data-widget_type=\"text-editor.default\">\n\t\t\t\t<div class=\"elementor-widget-container\">\n\t\t\t\t\t\t\t\t\t<p>En cumplimiento de la Ley 34\/2002, de 11 de julio, de Servicios de la Sociedad de la Informaci\u00f3n y del Comercio Electr\u00f3nico (LSSI-CE), se informa lo siguiente:<\/p>\t\t\t\t\t\t\t\t<\/div>\n\t\t\t\t<\/div>\n\t\t\t\t<div class=\"elementor-element elementor-element-aabead3 elementor-widget elementor-widget-heading\" data-id=\"aabead3\" data-element_type=\"widget\" data-widget_type=\"heading.default\">\n\t\t\t\t<div class=\"elementor-widget-container\">\n\t\t\t\t\t<h2 class=\"elementor-heading-title elementor-size-default\">Titular de la Web<\/h2>\t\t\t\t<\/div>\n\t\t\t\t<\/div>\n\t\t\t\t<div class=\"elementor-element elementor-element-3a3bb64 elementor-widget elementor-widget-text-editor\" data-id=\"3a3bb64\" data-element_type=\"widget\" data-widget_type=\"text-editor.default\">\n\t\t\t\t<div class=\"elementor-widget-container\">\n\t\t\t\t\t\t\t\t\t<ul><li>Denominaci\u00f3n social: MORRAL CORS, S.L.<\/li><li>Domicilio social: c\/ Nou, 9, 08241, Manresa<\/li><li>CIF: B61095998<\/li><li>Tel\u00e9fono de contacto: 938 751 567<\/li><li>E-mail de contacto: <a href=\"mailto:comercial@subirananadons.com\">comercial@subirananadons.com<\/a><\/li><\/ul>\t\t\t\t\t\t\t\t<\/div>\n\t\t\t\t<\/div>\n\t\t\t\t<div class=\"elementor-element elementor-element-dbd7189 elementor-widget elementor-widget-heading\" data-id=\"dbd7189\" data-element_type=\"widget\" data-widget_type=\"heading.default\">\n\t\t\t\t<div class=\"elementor-widget-container\">\n\t\t\t\t\t<h2 class=\"elementor-heading-title elementor-size-default\">Objeto del sitio web<\/h2>\t\t\t\t<\/div>\n\t\t\t\t<\/div>\n\t\t\t\t<div class=\"elementor-element elementor-element-f79e17a elementor-widget elementor-widget-text-editor\" data-id=\"f79e17a\" data-element_type=\"widget\" data-widget_type=\"text-editor.default\">\n\t\t\t\t<div class=\"elementor-widget-container\">\n\t\t\t\t\t\t\t\t\t<p>El presente sitio web tiene como objetivo ofrecer informaci\u00f3n sobre el Club Handbol Platja Granolleres, mantener a los usuarios informados con las noticias y facilitar el contacto y las inscripciones al Club.<\/p>\t\t\t\t\t\t\t\t<\/div>\n\t\t\t\t<\/div>\n\t\t\t\t<div class=\"elementor-element elementor-element-6b234c1 elementor-widget elementor-widget-heading\" data-id=\"6b234c1\" data-element_type=\"widget\" data-widget_type=\"heading.default\">\n\t\t\t\t<div class=\"elementor-widget-container\">\n\t\t\t\t\t<h2 class=\"elementor-heading-title elementor-size-default\">Propiedad intelectual e industrial<\/h2>\t\t\t\t<\/div>\n\t\t\t\t<\/div>\n\t\t\t\t<div class=\"elementor-element elementor-element-99207e5 elementor-widget elementor-widget-text-editor\" data-id=\"99207e5\" data-element_type=\"widget\" data-widget_type=\"text-editor.default\">\n\t\t\t\t<div class=\"elementor-widget-container\">\n\t\t\t\t\t\t\t\t\t<p>Todos los contenidos de este sitio web (textos, im\u00e1genes, logotipos, dise\u00f1o, estructura, etc.) est\u00e1n protegidos por la normativa de propiedad intelectual. Est\u00e1 prohibida su reproducci\u00f3n total o parcial sin autorizaci\u00f3n expresa. <\/p>\t\t\t\t\t\t\t\t<\/div>\n\t\t\t\t<\/div>\n\t\t\t\t<div class=\"elementor-element elementor-element-b7eb1ba elementor-widget elementor-widget-heading\" data-id=\"b7eb1ba\" data-element_type=\"widget\" data-widget_type=\"heading.default\">\n\t\t\t\t<div class=\"elementor-widget-container\">\n\t\t\t\t\t<h2 class=\"elementor-heading-title elementor-size-default\">Responsabilidad<\/h2>\t\t\t\t<\/div>\n\t\t\t\t<\/div>\n\t\t\t\t<div class=\"elementor-element elementor-element-e25cf58 elementor-widget elementor-widget-text-editor\" data-id=\"e25cf58\" data-element_type=\"widget\" data-widget_type=\"text-editor.default\">\n\t\t\t\t<div class=\"elementor-widget-container\">\n\t\t\t\t\t\t\t\t\t<p>Contenidos<\/p><p>El Titular de la web no se hacen responsables de los errores u omisiones de la informaci\u00f3n o contenidos facilitados a trav\u00e9s del Portal ni de la aplicaci\u00f3n o uso concreto que pudiera hacerse de \u00e9stos. El acceso al Portal no implica la obligaci\u00f3n del titular ni de su personal de comprobar la veracidad, exactitud, idoneidad, adecuaci\u00f3n, exhaustividad y actualidad de la informaci\u00f3n y contenidos.<br>Los contenidos de la web no suponen en forma alguna la prestaci\u00f3n de ning\u00fan servicio legal. El Usuario es el \u00fanico responsable frente a cualquier reclamaci\u00f3n o acci\u00f3n legal, judicial o extrajudicial, iniciada por terceros contra el Titular que tenga su origen en la utilizaci\u00f3n de la web por el Usuario.<br>En su en caso, el Usuario asumir\u00e1 los gastos, costes e indemnizaciones originados con motivo de tales reclamaciones o acciones legales.  <\/p><p>Funcionamiento<\/p><p>El Titular no se hace responsable por las interferencias, omisiones, interrupciones, virus inform\u00e1ticos o otros elementos que puedan producir alteraciones en los sistemas del Usuario o en sus documentos o archivos motivados por causas ajenas a a la web. Del mismo modo, el Titular, no asume la responsabilidad derivada de retrasos o bloqueos en el funcionamiento operativo de la web causado por deficiencias o sobrecarga en las l\u00edneas telef\u00f3nicas o en Internet, as\u00ed como de da\u00f1os causados por terceras personas mediante intromisiones ilegitimas. El Titular se reserva el derecho de suspender el acceso al Portal con motivo de operaciones de mantenimiento, reparaci\u00f3n y\/o mejora.  <\/p><p>Enlaces<\/p><p>el Titular no se hace responsable de los contenidos y servicios de aquellas p\u00e1ginas web que puedan estar enlazadas en el Portal m\u00e1s all\u00e1 de la responsabilidad asignada por la Ley 34\/2002, de 12 de julio, de Servicios de la Sociedad de la Informaci\u00f3n y el Comercio Electr\u00f3nico, en la medida en que pudiera tener conocimiento efectivo de la ilicitud de los contenidos y servicios suministrados en el portal web enlazado y no desactive el enlace con la diligencia debida. Si desea poner en nuestro conocimiento la existencia de un enlace hacia un sitio web con contenidos que considera inadecuados o il\u00edcitos puede ponerse en contacto con nosotros en <a href=\"mailto:comercial@subirananadons.com\">comercial@subirananadons.com<\/a> <\/p>\t\t\t\t\t\t\t\t<\/div>\n\t\t\t\t<\/div>\n\t\t\t\t<div class=\"elementor-element elementor-element-a6a35a6 elementor-widget elementor-widget-heading\" data-id=\"a6a35a6\" data-element_type=\"widget\" data-widget_type=\"heading.default\">\n\t\t\t\t<div class=\"elementor-widget-container\">\n\t\t\t\t\t<h2 class=\"elementor-heading-title elementor-size-default\">Legislaci\u00f3n aplicable y jurisdicci\u00f3n<\/h2>\t\t\t\t<\/div>\n\t\t\t\t<\/div>\n\t\t\t\t<div class=\"elementor-element elementor-element-5a8f01b elementor-widget elementor-widget-text-editor\" data-id=\"5a8f01b\" data-element_type=\"widget\" data-widget_type=\"text-editor.default\">\n\t\t\t\t<div class=\"elementor-widget-container\">\n\t\t\t\t\t\t\t\t\t<p>Este aviso legal se rige por la legislaci\u00f3n espa\u00f1ola. Para la resoluci\u00f3n de cualquier conflicto derivado del acceso al sitio web, el usuario se somete a los tribunales de [Localidad del titular], renunciando a cualquier otro fuero que pudiera corresponderle. <\/p>\t\t\t\t\t\t\t\t<\/div>\n\t\t\t\t<\/div>\n\t\t\t\t<div class=\"elementor-element elementor-element-9446710 elementor-widget elementor-widget-heading\" data-id=\"9446710\" data-element_type=\"widget\" data-widget_type=\"heading.default\">\n\t\t\t\t<div class=\"elementor-widget-container\">\n\t\t\t\t\t<h2 class=\"elementor-heading-title elementor-size-default\">Protecci\u00f3n de datos<\/h2>\t\t\t\t<\/div>\n\t\t\t\t<\/div>\n\t\t\t\t<div class=\"elementor-element elementor-element-074f8a8 elementor-widget elementor-widget-text-editor\" data-id=\"074f8a8\" data-element_type=\"widget\" data-widget_type=\"text-editor.default\">\n\t\t\t\t<div class=\"elementor-widget-container\">\n\t\t\t\t\t\t\t\t\t<p>Puede acceder a la informaci\u00f3n detallada respecto al tratamiento de los datos personales que el Titular lleva a t\u00e9rmino de los Usuarios visitando nuestra Pol\u00edtica de Privacidad.<\/p>\t\t\t\t\t\t\t\t<\/div>\n\t\t\t\t<\/div>\n\t\t\t\t\t<\/div>\n\t\t\t\t<\/div>\n\t\t\t\t\t<\/div>\n\t\t\t\t<\/div>\n\t\t\t\t<\/div>\n\t\t","protected":false},"excerpt":{"rendered":"<p>Av\u00eds Legal Introducci\u00f3n En cumplimiento de la Ley 34\/2002, de 11 de julio, de Servicios de la Sociedad de la Informaci\u00f3n y del Comercio Electr\u00f3nico (LSSI-CE), se informa lo siguiente: Titular de la Web Denominaci\u00f3n social: MORRAL CORS, S.L. Domicilio social: c\/ Nou, 9, 08241, Manresa CIF: B61095998 Tel\u00e9fono de contacto: 938 751 567 E-mail [&hellip;]<\/p>\n","protected":false},"author":1,"featured_media":0,"parent":0,"menu_order":0,"comment_status":"closed","ping_status":"closed","template":"","meta":{"footnotes":""},"class_list":["post-524","page","type-page","status-publish","hentry"],"yoast_head":"<!-- This site is optimized with the Yoast SEO plugin v26.2 - https:\/\/yoast.com\/wordpress\/plugins\/seo\/ -->\n<title>Av\u00eds Legal - Subirana Nadons<\/title>\n<meta name=\"robots\" content=\"index, follow, max-snippet:-1, max-image-preview:large, max-video-preview:-1\" \/>\n<link rel=\"canonical\" href=\"https:\/\/subirananadons.es\/ca\/avis-legal\/\" \/>\n<meta property=\"og:locale\" content=\"ca_ES\" \/>\n<meta property=\"og:type\" content=\"article\" \/>\n<meta property=\"og:title\" content=\"Av\u00eds Legal - Subirana Nadons\" \/>\n<meta property=\"og:description\" content=\"Av\u00eds Legal Introducci\u00f3n En cumplimiento de la Ley 34\/2002, de 11 de julio, de Servicios de la Sociedad de la Informaci\u00f3n y del Comercio Electr\u00f3nico (LSSI-CE), se informa lo siguiente: Titular de la Web Denominaci\u00f3n social: MORRAL CORS, S.L. Domicilio social: c\/ Nou, 9, 08241, Manresa CIF: B61095998 Tel\u00e9fono de contacto: 938 751 567 E-mail [&hellip;]\" \/>\n<meta property=\"og:url\" content=\"https:\/\/subirananadons.es\/ca\/avis-legal\/\" \/>\n<meta property=\"og:site_name\" content=\"Subirana Nadons\" \/>\n<meta property=\"article:modified_time\" content=\"2025-10-28T14:45:17+00:00\" \/>\n<meta name=\"twitter:card\" content=\"summary_large_image\" \/>\n<meta name=\"twitter:label1\" content=\"Temps estimat de lectura\" \/>\n\t<meta name=\"twitter:data1\" content=\"3 minuts\" \/>\n<script type=\"application\/ld+json\" class=\"yoast-schema-graph\">{\"@context\":\"https:\/\/schema.org\",\"@graph\":[{\"@type\":\"WebPage\",\"@id\":\"https:\/\/subirananadons.es\/ca\/avis-legal\/\",\"url\":\"https:\/\/subirananadons.es\/ca\/avis-legal\/\",\"name\":\"Av\u00eds Legal - Subirana Nadons\",\"isPartOf\":{\"@id\":\"https:\/\/subirananadons.es\/ca\/#website\"},\"datePublished\":\"2025-04-16T10:12:42+00:00\",\"dateModified\":\"2025-10-28T14:45:17+00:00\",\"breadcrumb\":{\"@id\":\"https:\/\/subirananadons.es\/ca\/avis-legal\/#breadcrumb\"},\"inLanguage\":\"ca\",\"potentialAction\":[{\"@type\":\"ReadAction\",\"target\":[\"https:\/\/subirananadons.es\/ca\/avis-legal\/\"]}]},{\"@type\":\"BreadcrumbList\",\"@id\":\"https:\/\/subirananadons.es\/ca\/avis-legal\/#breadcrumb\",\"itemListElement\":[{\"@type\":\"ListItem\",\"position\":1,\"name\":\"Portada\",\"item\":\"https:\/\/subirananadons.es\/ca\/\"},{\"@type\":\"ListItem\",\"position\":2,\"name\":\"Av\u00eds Legal\"}]},{\"@type\":\"WebSite\",\"@id\":\"https:\/\/subirananadons.es\/ca\/#website\",\"url\":\"https:\/\/subirananadons.es\/ca\/\",\"name\":\"Subirana Nadons\",\"description\":\"\",\"publisher\":{\"@id\":\"https:\/\/subirananadons.es\/ca\/#organization\"},\"potentialAction\":[{\"@type\":\"SearchAction\",\"target\":{\"@type\":\"EntryPoint\",\"urlTemplate\":\"https:\/\/subirananadons.es\/ca\/?s={search_term_string}\"},\"query-input\":{\"@type\":\"PropertyValueSpecification\",\"valueRequired\":true,\"valueName\":\"search_term_string\"}}],\"inLanguage\":\"ca\"},{\"@type\":\"Organization\",\"@id\":\"https:\/\/subirananadons.es\/ca\/#organization\",\"name\":\"Subirana Nadons\",\"url\":\"https:\/\/subirananadons.es\/ca\/\",\"logo\":{\"@type\":\"ImageObject\",\"inLanguage\":\"ca\",\"@id\":\"https:\/\/subirananadons.es\/ca\/#\/schema\/logo\/image\/\",\"url\":\"\",\"contentUrl\":\"\",\"caption\":\"Subirana Nadons\"},\"image\":{\"@id\":\"https:\/\/subirananadons.es\/ca\/#\/schema\/logo\/image\/\"}}]}<\/script>\n<!-- \/ Yoast SEO plugin. -->","yoast_head_json":{"title":"Av\u00eds Legal - Subirana Nadons","robots":{"index":"index","follow":"follow","max-snippet":"max-snippet:-1","max-image-preview":"max-image-preview:large","max-video-preview":"max-video-preview:-1"},"canonical":"https:\/\/subirananadons.es\/ca\/avis-legal\/","og_locale":"ca_ES","og_type":"article","og_title":"Av\u00eds Legal - Subirana Nadons","og_description":"Av\u00eds Legal Introducci\u00f3n En cumplimiento de la Ley 34\/2002, de 11 de julio, de Servicios de la Sociedad de la Informaci\u00f3n y del Comercio Electr\u00f3nico (LSSI-CE), se informa lo siguiente: Titular de la Web Denominaci\u00f3n social: MORRAL CORS, S.L. Domicilio social: c\/ Nou, 9, 08241, Manresa CIF: B61095998 Tel\u00e9fono de contacto: 938 751 567 E-mail [&hellip;]","og_url":"https:\/\/subirananadons.es\/ca\/avis-legal\/","og_site_name":"Subirana Nadons","article_modified_time":"2025-10-28T14:45:17+00:00","twitter_card":"summary_large_image","twitter_misc":{"Temps estimat de lectura":"3 minuts"},"schema":{"@context":"https:\/\/schema.org","@graph":[{"@type":"WebPage","@id":"https:\/\/subirananadons.es\/ca\/avis-legal\/","url":"https:\/\/subirananadons.es\/ca\/avis-legal\/","name":"Av\u00eds Legal - Subirana Nadons","isPartOf":{"@id":"https:\/\/subirananadons.es\/ca\/#website"},"datePublished":"2025-04-16T10:12:42+00:00","dateModified":"2025-10-28T14:45:17+00:00","breadcrumb":{"@id":"https:\/\/subirananadons.es\/ca\/avis-legal\/#breadcrumb"},"inLanguage":"ca","potentialAction":[{"@type":"ReadAction","target":["https:\/\/subirananadons.es\/ca\/avis-legal\/"]}]},{"@type":"BreadcrumbList","@id":"https:\/\/subirananadons.es\/ca\/avis-legal\/#breadcrumb","itemListElement":[{"@type":"ListItem","position":1,"name":"Portada","item":"https:\/\/subirananadons.es\/ca\/"},{"@type":"ListItem","position":2,"name":"Av\u00eds Legal"}]},{"@type":"WebSite","@id":"https:\/\/subirananadons.es\/ca\/#website","url":"https:\/\/subirananadons.es\/ca\/","name":"Subirana Nadons","description":"","publisher":{"@id":"https:\/\/subirananadons.es\/ca\/#organization"},"potentialAction":[{"@type":"SearchAction","target":{"@type":"EntryPoint","urlTemplate":"https:\/\/subirananadons.es\/ca\/?s={search_term_string}"},"query-input":{"@type":"PropertyValueSpecification","valueRequired":true,"valueName":"search_term_string"}}],"inLanguage":"ca"},{"@type":"Organization","@id":"https:\/\/subirananadons.es\/ca\/#organization","name":"Subirana Nadons","url":"https:\/\/subirananadons.es\/ca\/","logo":{"@type":"ImageObject","inLanguage":"ca","@id":"https:\/\/subirananadons.es\/ca\/#\/schema\/logo\/image\/","url":"","contentUrl":"","caption":"Subirana Nadons"},"image":{"@id":"https:\/\/subirananadons.es\/ca\/#\/schema\/logo\/image\/"}}]}},"_links":{"self":[{"href":"https:\/\/subirananadons.es\/ca\/wp-json\/wp\/v2\/pages\/524","targetHints":{"allow":["GET"]}}],"collection":[{"href":"https:\/\/subirananadons.es\/ca\/wp-json\/wp\/v2\/pages"}],"about":[{"href":"https:\/\/subirananadons.es\/ca\/wp-json\/wp\/v2\/types\/page"}],"author":[{"embeddable":true,"href":"https:\/\/subirananadons.es\/ca\/wp-json\/wp\/v2\/users\/1"}],"replies":[{"embeddable":true,"href":"https:\/\/subirananadons.es\/ca\/wp-json\/wp\/v2\/comments?post=524"}],"version-history":[{"count":6,"href":"https:\/\/subirananadons.es\/ca\/wp-json\/wp\/v2\/pages\/524\/revisions"}],"predecessor-version":[{"id":1222,"href":"https:\/\/subirananadons.es\/ca\/wp-json\/wp\/v2\/pages\/524\/revisions\/1222"}],"wp:attachment":[{"href":"https:\/\/subirananadons.es\/ca\/wp-json\/wp\/v2\/media?parent=524"}],"curies":[{"name":"wp","href":"https:\/\/api.w.org\/{rel}","templated":true}]}}