{"id":522,"date":"2025-04-16T10:26:25","date_gmt":"2025-04-16T10:26:25","guid":{"rendered":"https:\/\/subirananadons.es\/politica-de-privadesa\/"},"modified":"2025-10-28T14:47:11","modified_gmt":"2025-10-28T14:47:11","slug":"politica-de-privadesa","status":"publish","type":"page","link":"https:\/\/subirananadons.es\/ca\/politica-de-privadesa\/","title":{"rendered":"Pol\u00edtica de Privacitat"},"content":{"rendered":"\t\t<div data-elementor-type=\"wp-page\" data-elementor-id=\"522\" class=\"elementor elementor-522 elementor-274\" data-elementor-post-type=\"page\">\n\t\t\t\t<div class=\"elementor-element elementor-element-37ef930 e-flex e-con-boxed e-con e-parent\" data-id=\"37ef930\" data-element_type=\"container\" data-settings=\"{&quot;background_background&quot;:&quot;classic&quot;,&quot;position&quot;:&quot;fixed&quot;}\">\n\t\t\t\t\t<div class=\"e-con-inner\">\n\t\t\t\t\t<\/div>\n\t\t\t\t<\/div>\n\t\t<div class=\"elementor-element elementor-element-06a6f87 e-flex e-con-boxed e-con e-parent\" data-id=\"06a6f87\" data-element_type=\"container\" id=\"jugadores\" data-settings=\"{&quot;background_background&quot;:&quot;video&quot;}\">\n\t\t\t\t\t<div class=\"e-con-inner\">\n\t\t\t\t<div class=\"elementor-element elementor-element-bdcb3d6 elementor-invisible elementor-widget elementor-widget-heading\" data-id=\"bdcb3d6\" data-element_type=\"widget\" data-settings=\"{&quot;_animation&quot;:&quot;zoomIn&quot;}\" data-widget_type=\"heading.default\">\n\t\t\t\t<div class=\"elementor-widget-container\">\n\t\t\t\t\t<h2 class=\"elementor-heading-title elementor-size-default\">Pol\u00edtica de Privacitat<\/h2>\t\t\t\t<\/div>\n\t\t\t\t<\/div>\n\t\t<div class=\"elementor-element elementor-element-d5b5ab1 e-flex e-con-boxed e-con e-child\" data-id=\"d5b5ab1\" data-element_type=\"container\" data-settings=\"{&quot;background_background&quot;:&quot;classic&quot;}\">\n\t\t\t\t\t<div class=\"e-con-inner\">\n\t\t\t\t<div class=\"elementor-element elementor-element-a0224a7 elementor-widget elementor-widget-heading\" data-id=\"a0224a7\" data-element_type=\"widget\" data-widget_type=\"heading.default\">\n\t\t\t\t<div class=\"elementor-widget-container\">\n\t\t\t\t\t<h2 class=\"elementor-heading-title elementor-size-default\">Introducci\u00f3n\n<\/h2>\t\t\t\t<\/div>\n\t\t\t\t<\/div>\n\t\t\t\t<div class=\"elementor-element elementor-element-f27cb62 elementor-widget elementor-widget-text-editor\" data-id=\"f27cb62\" data-element_type=\"widget\" data-widget_type=\"text-editor.default\">\n\t\t\t\t<div class=\"elementor-widget-container\">\n\t\t\t\t\t\t\t\t\t<p>En cumplimiento del Reglamento (UE) 2016\/679 del Parlamento Europeo y del Consejo (RGPD), y de la Ley Org\u00e1nica 3\/2018 de Protecci\u00f3n de Datos y Garant\u00eda de los Derechos Digitales (LOPDGDD), te informamos sobre el tratamiento de tus datos personales.<\/p>\t\t\t\t\t\t\t\t<\/div>\n\t\t\t\t<\/div>\n\t\t\t\t<div class=\"elementor-element elementor-element-7a613e5 elementor-widget elementor-widget-heading\" data-id=\"7a613e5\" data-element_type=\"widget\" data-widget_type=\"heading.default\">\n\t\t\t\t<div class=\"elementor-widget-container\">\n\t\t\t\t\t<h2 class=\"elementor-heading-title elementor-size-default\">Responsable del tratamiento<\/h2>\t\t\t\t<\/div>\n\t\t\t\t<\/div>\n\t\t\t\t<div class=\"elementor-element elementor-element-b410336 elementor-widget elementor-widget-text-editor\" data-id=\"b410336\" data-element_type=\"widget\" data-widget_type=\"text-editor.default\">\n\t\t\t\t<div class=\"elementor-widget-container\">\n\t\t\t\t\t\t\t\t\t<ul><li>Denominaci\u00f3n social: MORRAL CORS, S.L.<\/li><li>Domicilio social: c\/ Nou, 9, 08241, Manresa<\/li><li>CIF: B61095998<\/li><li>Tel\u00e9fono de contacto: 938 751 567<\/li><li>E-mail de contacto: <a href=\"mailto:comercial@subirananadons.com\">comercial@subirananadons.com<\/a><\/li><\/ul>\t\t\t\t\t\t\t\t<\/div>\n\t\t\t\t<\/div>\n\t\t\t\t<div class=\"elementor-element elementor-element-0d0ead4 elementor-widget elementor-widget-heading\" data-id=\"0d0ead4\" data-element_type=\"widget\" data-widget_type=\"heading.default\">\n\t\t\t\t<div class=\"elementor-widget-container\">\n\t\t\t\t\t<h2 class=\"elementor-heading-title elementor-size-default\">Finalidad del tratamiento<\/h2>\t\t\t\t<\/div>\n\t\t\t\t<\/div>\n\t\t\t\t<div class=\"elementor-element elementor-element-ff2febe elementor-widget elementor-widget-text-editor\" data-id=\"ff2febe\" data-element_type=\"widget\" data-widget_type=\"text-editor.default\">\n\t\t\t\t<div class=\"elementor-widget-container\">\n\t\t\t\t\t\t\t\t\t<p>Tratamos los datos que nos facilitas con las siguientes finalidades:<\/p><ul><li>Elaborar adecuadamente la propuesta de servicios solicitada.<\/li><li>Gestionar la contrataci\u00f3n de los servicios solicitados y la correspondiente facturaci\u00f3n.<\/li><li>Mantener el contacto para recabar informaci\u00f3n o proporcionar informaci\u00f3n sobre los servicios contratados y\/o modificaciones en \u00e9ste.<\/li><li>Conocer el grado de satisfacci\u00f3n con los servicios recibidos.<\/li><li>Enviar comunicaciones electr\u00f3nicas en relaci\u00f3n con actividades, novedades, eventos y noticias de la empresa que puedan ser de su inter\u00e9s de acuerdo con la naturaleza del servicio contratado y siempre que no manifieste su deseo de no recibirlas al amparo del permitido por la Ley 34\/2002, de 11 de julio, de servicios de la sociedad de la informaci\u00f3n y de comercio electr\u00f3nico.<\/li><li>En relaci\u00f3n a las solicitudes de contacto, los datos ser\u00e1n objeto de tratamiento con el fin de proporcionar una adecuada gesti\u00f3n y atenci\u00f3n de la solicitud de acuerdo con la naturaleza de la misma.<\/li><\/ul>\t\t\t\t\t\t\t\t<\/div>\n\t\t\t\t<\/div>\n\t\t\t\t<div class=\"elementor-element elementor-element-3c5ee2b elementor-widget elementor-widget-heading\" data-id=\"3c5ee2b\" data-element_type=\"widget\" data-widget_type=\"heading.default\">\n\t\t\t\t<div class=\"elementor-widget-container\">\n\t\t\t\t\t<h2 class=\"elementor-heading-title elementor-size-default\">Legitimaci\u00f3n<\/h2>\t\t\t\t<\/div>\n\t\t\t\t<\/div>\n\t\t\t\t<div class=\"elementor-element elementor-element-c80bcc8 elementor-widget elementor-widget-text-editor\" data-id=\"c80bcc8\" data-element_type=\"widget\" data-widget_type=\"text-editor.default\">\n\t\t\t\t<div class=\"elementor-widget-container\">\n\t\t\t\t\t\t\t\t\t<p>La base legal para el tratamiento de tus datos es tu consentimiento, que puedes retirar en cualquier momento, sin que ello afecte a la licitud del tratamiento previo. Si desea obtener m\u00e1s informaci\u00f3n al respecto puede solicitarla en <a href=\"mailto:comercial@subirananadons.com\">comercial@subirananadons.com<\/a> <\/p>\t\t\t\t\t\t\t\t<\/div>\n\t\t\t\t<\/div>\n\t\t\t\t<div class=\"elementor-element elementor-element-afa4af4 elementor-widget elementor-widget-heading\" data-id=\"afa4af4\" data-element_type=\"widget\" data-widget_type=\"heading.default\">\n\t\t\t\t<div class=\"elementor-widget-container\">\n\t\t\t\t\t<h2 class=\"elementor-heading-title elementor-size-default\">Conservaci\u00f3n de los datos<\/h2>\t\t\t\t<\/div>\n\t\t\t\t<\/div>\n\t\t\t\t<div class=\"elementor-element elementor-element-6999caf elementor-widget elementor-widget-text-editor\" data-id=\"6999caf\" data-element_type=\"widget\" data-widget_type=\"text-editor.default\">\n\t\t\t\t<div class=\"elementor-widget-container\">\n\t\t\t\t\t\t\t\t\t<p>Los datos se conservar\u00e1n mientras se mantenga la relaci\u00f3n o hasta que solicites su supresi\u00f3n.<\/p>\t\t\t\t\t\t\t\t<\/div>\n\t\t\t\t<\/div>\n\t\t\t\t<div class=\"elementor-element elementor-element-7a7e983 elementor-widget elementor-widget-heading\" data-id=\"7a7e983\" data-element_type=\"widget\" data-widget_type=\"heading.default\">\n\t\t\t\t<div class=\"elementor-widget-container\">\n\t\t\t\t\t<h2 class=\"elementor-heading-title elementor-size-default\">Destinatarios<\/h2>\t\t\t\t<\/div>\n\t\t\t\t<\/div>\n\t\t\t\t<div class=\"elementor-element elementor-element-d277def elementor-widget elementor-widget-text-editor\" data-id=\"d277def\" data-element_type=\"widget\" data-widget_type=\"text-editor.default\">\n\t\t\t\t<div class=\"elementor-widget-container\">\n\t\t\t\t\t\t\t\t\t<p>No se ceder\u00e1n datos a terceros salvo obligaci\u00f3n legal o proveedores con contrato de tratamiento de datos vigente (hosting, correo, CRM, etc.).<\/p>\t\t\t\t\t\t\t\t<\/div>\n\t\t\t\t<\/div>\n\t\t\t\t<div class=\"elementor-element elementor-element-f88f333 elementor-widget elementor-widget-heading\" data-id=\"f88f333\" data-element_type=\"widget\" data-widget_type=\"heading.default\">\n\t\t\t\t<div class=\"elementor-widget-container\">\n\t\t\t\t\t<h2 class=\"elementor-heading-title elementor-size-default\">Derechos<\/h2>\t\t\t\t<\/div>\n\t\t\t\t<\/div>\n\t\t\t\t<div class=\"elementor-element elementor-element-93a13af elementor-widget elementor-widget-text-editor\" data-id=\"93a13af\" data-element_type=\"widget\" data-widget_type=\"text-editor.default\">\n\t\t\t\t<div class=\"elementor-widget-container\">\n\t\t\t\t\t\t\t\t\t<p>Puedes ejercer tus derechos de acceso, rectificaci\u00f3n, supresi\u00f3n, oposici\u00f3n, limitaci\u00f3n del tratamiento y portabilidad enviando un correo electr\u00f3nico a <a href=\"mailto:comercial@subirananadons.com\">comercial@subirananadons.com<\/a> con el asunto \u201cProtecci\u00f3n de Datos\u201d. Tambi\u00e9n puedes reclamar ante la Agencia Espa\u00f1ola de Protecci\u00f3n de Datos <a href=\"https:\/\/www.aepd.es\/\">www.aepd.es<\/a>. <\/p>\t\t\t\t\t\t\t\t<\/div>\n\t\t\t\t<\/div>\n\t\t\t\t\t<\/div>\n\t\t\t\t<\/div>\n\t\t\t\t\t<\/div>\n\t\t\t\t<\/div>\n\t\t\t\t<\/div>\n\t\t","protected":false},"excerpt":{"rendered":"<p>Pol\u00edtica de Privacitat Introducci\u00f3n En cumplimiento del Reglamento (UE) 2016\/679 del Parlamento Europeo y del Consejo (RGPD), y de la Ley Org\u00e1nica 3\/2018 de Protecci\u00f3n de Datos y Garant\u00eda de los Derechos Digitales (LOPDGDD), te informamos sobre el tratamiento de tus datos personales. Responsable del tratamiento Denominaci\u00f3n social: MORRAL CORS, S.L. Domicilio social: c\/ Nou, [&hellip;]<\/p>\n","protected":false},"author":1,"featured_media":0,"parent":0,"menu_order":0,"comment_status":"closed","ping_status":"closed","template":"","meta":{"footnotes":""},"class_list":["post-522","page","type-page","status-publish","hentry"],"yoast_head":"<!-- This site is optimized with the Yoast SEO plugin v26.2 - https:\/\/yoast.com\/wordpress\/plugins\/seo\/ -->\n<title>Pol\u00edtica de Privacitat - Subirana Nadons<\/title>\n<meta name=\"robots\" content=\"index, follow, max-snippet:-1, max-image-preview:large, max-video-preview:-1\" \/>\n<link rel=\"canonical\" href=\"https:\/\/subirananadons.es\/ca\/politica-de-privadesa\/\" \/>\n<meta property=\"og:locale\" content=\"ca_ES\" \/>\n<meta property=\"og:type\" content=\"article\" \/>\n<meta property=\"og:title\" content=\"Pol\u00edtica de Privacitat - Subirana Nadons\" \/>\n<meta property=\"og:description\" content=\"Pol\u00edtica de Privacitat Introducci\u00f3n En cumplimiento del Reglamento (UE) 2016\/679 del Parlamento Europeo y del Consejo (RGPD), y de la Ley Org\u00e1nica 3\/2018 de Protecci\u00f3n de Datos y Garant\u00eda de los Derechos Digitales (LOPDGDD), te informamos sobre el tratamiento de tus datos personales. Responsable del tratamiento Denominaci\u00f3n social: MORRAL CORS, S.L. Domicilio social: c\/ Nou, [&hellip;]\" \/>\n<meta property=\"og:url\" content=\"https:\/\/subirananadons.es\/ca\/politica-de-privadesa\/\" \/>\n<meta property=\"og:site_name\" content=\"Subirana Nadons\" \/>\n<meta property=\"article:modified_time\" content=\"2025-10-28T14:47:11+00:00\" \/>\n<meta name=\"twitter:card\" content=\"summary_large_image\" \/>\n<meta name=\"twitter:label1\" content=\"Temps estimat de lectura\" \/>\n\t<meta name=\"twitter:data1\" content=\"2 minuts\" \/>\n<script type=\"application\/ld+json\" class=\"yoast-schema-graph\">{\"@context\":\"https:\/\/schema.org\",\"@graph\":[{\"@type\":\"WebPage\",\"@id\":\"https:\/\/subirananadons.es\/ca\/politica-de-privadesa\/\",\"url\":\"https:\/\/subirananadons.es\/ca\/politica-de-privadesa\/\",\"name\":\"Pol\u00edtica de Privacitat - Subirana Nadons\",\"isPartOf\":{\"@id\":\"https:\/\/subirananadons.es\/ca\/#website\"},\"datePublished\":\"2025-04-16T10:26:25+00:00\",\"dateModified\":\"2025-10-28T14:47:11+00:00\",\"breadcrumb\":{\"@id\":\"https:\/\/subirananadons.es\/ca\/politica-de-privadesa\/#breadcrumb\"},\"inLanguage\":\"ca\",\"potentialAction\":[{\"@type\":\"ReadAction\",\"target\":[\"https:\/\/subirananadons.es\/ca\/politica-de-privadesa\/\"]}]},{\"@type\":\"BreadcrumbList\",\"@id\":\"https:\/\/subirananadons.es\/ca\/politica-de-privadesa\/#breadcrumb\",\"itemListElement\":[{\"@type\":\"ListItem\",\"position\":1,\"name\":\"Portada\",\"item\":\"https:\/\/subirananadons.es\/ca\/\"},{\"@type\":\"ListItem\",\"position\":2,\"name\":\"Pol\u00edtica de Privacitat\"}]},{\"@type\":\"WebSite\",\"@id\":\"https:\/\/subirananadons.es\/ca\/#website\",\"url\":\"https:\/\/subirananadons.es\/ca\/\",\"name\":\"Subirana Nadons\",\"description\":\"\",\"publisher\":{\"@id\":\"https:\/\/subirananadons.es\/ca\/#organization\"},\"potentialAction\":[{\"@type\":\"SearchAction\",\"target\":{\"@type\":\"EntryPoint\",\"urlTemplate\":\"https:\/\/subirananadons.es\/ca\/?s={search_term_string}\"},\"query-input\":{\"@type\":\"PropertyValueSpecification\",\"valueRequired\":true,\"valueName\":\"search_term_string\"}}],\"inLanguage\":\"ca\"},{\"@type\":\"Organization\",\"@id\":\"https:\/\/subirananadons.es\/ca\/#organization\",\"name\":\"Subirana Nadons\",\"url\":\"https:\/\/subirananadons.es\/ca\/\",\"logo\":{\"@type\":\"ImageObject\",\"inLanguage\":\"ca\",\"@id\":\"https:\/\/subirananadons.es\/ca\/#\/schema\/logo\/image\/\",\"url\":\"\",\"contentUrl\":\"\",\"caption\":\"Subirana Nadons\"},\"image\":{\"@id\":\"https:\/\/subirananadons.es\/ca\/#\/schema\/logo\/image\/\"}}]}<\/script>\n<!-- \/ Yoast SEO plugin. -->","yoast_head_json":{"title":"Pol\u00edtica de Privacitat - Subirana Nadons","robots":{"index":"index","follow":"follow","max-snippet":"max-snippet:-1","max-image-preview":"max-image-preview:large","max-video-preview":"max-video-preview:-1"},"canonical":"https:\/\/subirananadons.es\/ca\/politica-de-privadesa\/","og_locale":"ca_ES","og_type":"article","og_title":"Pol\u00edtica de Privacitat - Subirana Nadons","og_description":"Pol\u00edtica de Privacitat Introducci\u00f3n En cumplimiento del Reglamento (UE) 2016\/679 del Parlamento Europeo y del Consejo (RGPD), y de la Ley Org\u00e1nica 3\/2018 de Protecci\u00f3n de Datos y Garant\u00eda de los Derechos Digitales (LOPDGDD), te informamos sobre el tratamiento de tus datos personales. Responsable del tratamiento Denominaci\u00f3n social: MORRAL CORS, S.L. Domicilio social: c\/ Nou, [&hellip;]","og_url":"https:\/\/subirananadons.es\/ca\/politica-de-privadesa\/","og_site_name":"Subirana Nadons","article_modified_time":"2025-10-28T14:47:11+00:00","twitter_card":"summary_large_image","twitter_misc":{"Temps estimat de lectura":"2 minuts"},"schema":{"@context":"https:\/\/schema.org","@graph":[{"@type":"WebPage","@id":"https:\/\/subirananadons.es\/ca\/politica-de-privadesa\/","url":"https:\/\/subirananadons.es\/ca\/politica-de-privadesa\/","name":"Pol\u00edtica de Privacitat - Subirana Nadons","isPartOf":{"@id":"https:\/\/subirananadons.es\/ca\/#website"},"datePublished":"2025-04-16T10:26:25+00:00","dateModified":"2025-10-28T14:47:11+00:00","breadcrumb":{"@id":"https:\/\/subirananadons.es\/ca\/politica-de-privadesa\/#breadcrumb"},"inLanguage":"ca","potentialAction":[{"@type":"ReadAction","target":["https:\/\/subirananadons.es\/ca\/politica-de-privadesa\/"]}]},{"@type":"BreadcrumbList","@id":"https:\/\/subirananadons.es\/ca\/politica-de-privadesa\/#breadcrumb","itemListElement":[{"@type":"ListItem","position":1,"name":"Portada","item":"https:\/\/subirananadons.es\/ca\/"},{"@type":"ListItem","position":2,"name":"Pol\u00edtica de Privacitat"}]},{"@type":"WebSite","@id":"https:\/\/subirananadons.es\/ca\/#website","url":"https:\/\/subirananadons.es\/ca\/","name":"Subirana Nadons","description":"","publisher":{"@id":"https:\/\/subirananadons.es\/ca\/#organization"},"potentialAction":[{"@type":"SearchAction","target":{"@type":"EntryPoint","urlTemplate":"https:\/\/subirananadons.es\/ca\/?s={search_term_string}"},"query-input":{"@type":"PropertyValueSpecification","valueRequired":true,"valueName":"search_term_string"}}],"inLanguage":"ca"},{"@type":"Organization","@id":"https:\/\/subirananadons.es\/ca\/#organization","name":"Subirana Nadons","url":"https:\/\/subirananadons.es\/ca\/","logo":{"@type":"ImageObject","inLanguage":"ca","@id":"https:\/\/subirananadons.es\/ca\/#\/schema\/logo\/image\/","url":"","contentUrl":"","caption":"Subirana Nadons"},"image":{"@id":"https:\/\/subirananadons.es\/ca\/#\/schema\/logo\/image\/"}}]}},"_links":{"self":[{"href":"https:\/\/subirananadons.es\/ca\/wp-json\/wp\/v2\/pages\/522","targetHints":{"allow":["GET"]}}],"collection":[{"href":"https:\/\/subirananadons.es\/ca\/wp-json\/wp\/v2\/pages"}],"about":[{"href":"https:\/\/subirananadons.es\/ca\/wp-json\/wp\/v2\/types\/page"}],"author":[{"embeddable":true,"href":"https:\/\/subirananadons.es\/ca\/wp-json\/wp\/v2\/users\/1"}],"replies":[{"embeddable":true,"href":"https:\/\/subirananadons.es\/ca\/wp-json\/wp\/v2\/comments?post=522"}],"version-history":[{"count":10,"href":"https:\/\/subirananadons.es\/ca\/wp-json\/wp\/v2\/pages\/522\/revisions"}],"predecessor-version":[{"id":1224,"href":"https:\/\/subirananadons.es\/ca\/wp-json\/wp\/v2\/pages\/522\/revisions\/1224"}],"wp:attachment":[{"href":"https:\/\/subirananadons.es\/ca\/wp-json\/wp\/v2\/media?parent=522"}],"curies":[{"name":"wp","href":"https:\/\/api.w.org\/{rel}","templated":true}]}}