{"id":520,"date":"2025-04-16T10:26:44","date_gmt":"2025-04-16T10:26:44","guid":{"rendered":"https:\/\/subirananadons.es\/politica-de-cookies\/"},"modified":"2025-10-28T14:48:11","modified_gmt":"2025-10-28T14:48:11","slug":"politica-de-cookies","status":"publish","type":"page","link":"https:\/\/subirananadons.es\/ca\/politica-de-cookies\/","title":{"rendered":"Pol\u00edtica de Cookies"},"content":{"rendered":"\t\t<div data-elementor-type=\"wp-page\" data-elementor-id=\"520\" class=\"elementor elementor-520 elementor-276\" data-elementor-post-type=\"page\">\n\t\t\t\t<div class=\"elementor-element elementor-element-37ef930 e-flex e-con-boxed e-con e-parent\" data-id=\"37ef930\" data-element_type=\"container\" data-settings=\"{&quot;background_background&quot;:&quot;classic&quot;,&quot;position&quot;:&quot;fixed&quot;}\">\n\t\t\t\t\t<div class=\"e-con-inner\">\n\t\t\t\t\t<\/div>\n\t\t\t\t<\/div>\n\t\t<div class=\"elementor-element elementor-element-06a6f87 e-flex e-con-boxed e-con e-parent\" data-id=\"06a6f87\" data-element_type=\"container\" id=\"jugadores\" data-settings=\"{&quot;background_background&quot;:&quot;video&quot;}\">\n\t\t\t\t\t<div class=\"e-con-inner\">\n\t\t\t\t<div class=\"elementor-element elementor-element-bdcb3d6 elementor-invisible elementor-widget elementor-widget-heading\" data-id=\"bdcb3d6\" data-element_type=\"widget\" data-settings=\"{&quot;_animation&quot;:&quot;zoomIn&quot;}\" data-widget_type=\"heading.default\">\n\t\t\t\t<div class=\"elementor-widget-container\">\n\t\t\t\t\t<h2 class=\"elementor-heading-title elementor-size-default\">Pol\u00edtica de Cookies<\/h2>\t\t\t\t<\/div>\n\t\t\t\t<\/div>\n\t\t<div class=\"elementor-element elementor-element-d5b5ab1 e-flex e-con-boxed e-con e-child\" data-id=\"d5b5ab1\" data-element_type=\"container\" data-settings=\"{&quot;background_background&quot;:&quot;classic&quot;}\">\n\t\t\t\t\t<div class=\"e-con-inner\">\n\t\t\t\t<div class=\"elementor-element elementor-element-3ba9690 elementor-widget elementor-widget-heading\" data-id=\"3ba9690\" data-element_type=\"widget\" data-widget_type=\"heading.default\">\n\t\t\t\t<div class=\"elementor-widget-container\">\n\t\t\t\t\t<h2 class=\"elementor-heading-title elementor-size-default\">Introducci\u00f3n\n<\/h2>\t\t\t\t<\/div>\n\t\t\t\t<\/div>\n\t\t\t\t<div class=\"elementor-element elementor-element-4b941a3 elementor-widget elementor-widget-text-editor\" data-id=\"4b941a3\" data-element_type=\"widget\" data-widget_type=\"text-editor.default\">\n\t\t\t\t<div class=\"elementor-widget-container\">\n\t\t\t\t\t\t\t\t\t<p>Este sitio web utiliza cookies propias y de terceros para fines t\u00e9cnicos, estad\u00edsticos y publicitarios, conforme a la normativa vigente.<\/p>\t\t\t\t\t\t\t\t<\/div>\n\t\t\t\t<\/div>\n\t\t\t\t<div class=\"elementor-element elementor-element-f0f8251 elementor-widget elementor-widget-heading\" data-id=\"f0f8251\" data-element_type=\"widget\" data-widget_type=\"heading.default\">\n\t\t\t\t<div class=\"elementor-widget-container\">\n\t\t\t\t\t<h2 class=\"elementor-heading-title elementor-size-default\">\u00bfQu\u00e9 son las cookies?<\/h2>\t\t\t\t<\/div>\n\t\t\t\t<\/div>\n\t\t\t\t<div class=\"elementor-element elementor-element-cea5ba4 elementor-widget elementor-widget-text-editor\" data-id=\"cea5ba4\" data-element_type=\"widget\" data-widget_type=\"text-editor.default\">\n\t\t\t\t<div class=\"elementor-widget-container\">\n\t\t\t\t\t\t\t\t\t<p>Las cookies son peque\u00f1os archivos de texto que se almacenan en tu dispositivo cuando visitas una p\u00e1gina web. Sirven para recordar tus preferencias y mejorar tu experiencia de navegaci\u00f3n.<\/p>\t\t\t\t\t\t\t\t<\/div>\n\t\t\t\t<\/div>\n\t\t\t\t<div class=\"elementor-element elementor-element-9009620 elementor-widget elementor-widget-heading\" data-id=\"9009620\" data-element_type=\"widget\" data-widget_type=\"heading.default\">\n\t\t\t\t<div class=\"elementor-widget-container\">\n\t\t\t\t\t<h2 class=\"elementor-heading-title elementor-size-default\">Tipos de Cookies seg\u00fan la finalidad<\/h2>\t\t\t\t<\/div>\n\t\t\t\t<\/div>\n\t\t\t\t<div class=\"elementor-element elementor-element-2cf6c09 elementor-widget elementor-widget-text-editor\" data-id=\"2cf6c09\" data-element_type=\"widget\" data-widget_type=\"text-editor.default\">\n\t\t\t\t<div class=\"elementor-widget-container\">\n\t\t\t\t\t\t\t\t\t<ul><li data-start=\"1961\" data-end=\"2038\"><p data-start=\"1963\" data-end=\"2038\">Cookies t\u00e9cnicas: imprescindibles para el funcionamiento del sitio web.<\/p><\/li><li data-start=\"2039\" data-end=\"2137\"><p data-start=\"2041\" data-end=\"2137\">Cookies de personalizaci\u00f3n: son aquellas que permiten recordar informaci\u00f3n para que el usuario acceda al servicio con determinadas caracter\u00edsticas que pueden diferenciar su experiencia de la de otros usuarios, como, por ejemplo, el idioma, el n\u00famero de resultados a mostrar al realizar una b\u00fasqueda, etc.<\/p><\/li><li data-start=\"2039\" data-end=\"2137\"><p data-start=\"2041\" data-end=\"2137\">Cookies de An\u00e1lisis: Recogen informaci\u00f3n del uso que se realiza de la web por parte de los visitantes.<\/p><\/li><li data-start=\"2039\" data-end=\"2137\">Cookies Publicitarias: Recogen informaci\u00f3n sobre las preferencias y elecciones personales de los usuarios, basadas en otras p\u00e1ginas visitadas previamente y poder analizar la efectividad de las capa\u00f1as.<\/li><\/ul>\t\t\t\t\t\t\t\t<\/div>\n\t\t\t\t<\/div>\n\t\t\t\t<div class=\"elementor-element elementor-element-d78ce31 elementor-widget elementor-widget-heading\" data-id=\"d78ce31\" data-element_type=\"widget\" data-widget_type=\"heading.default\">\n\t\t\t\t<div class=\"elementor-widget-container\">\n\t\t\t\t\t<h2 class=\"elementor-heading-title elementor-size-default\">Tipos de Cookies seg\u00fan la Propiedad<\/h2>\t\t\t\t<\/div>\n\t\t\t\t<\/div>\n\t\t\t\t<div class=\"elementor-element elementor-element-9d8f138 elementor-widget elementor-widget-text-editor\" data-id=\"9d8f138\" data-element_type=\"widget\" data-widget_type=\"text-editor.default\">\n\t\t\t\t<div class=\"elementor-widget-container\">\n\t\t\t\t\t\t\t\t\t<ul><li>Propias: son aquellas de las que es responsable el propio editor y que, generalmente, se env\u00edan al equipo terminal del usuario desde un equipo o dominio gestionado por el propio editor y desde el que se presta el servicio solicitado por el usuario.<br><br><\/li><li>De Terceros: son aquellas de las que es responsable una entidad distinta del editor y que, generalmente, se env\u00edan al equipo terminal del usuario desde un equipo o dominio que no es gestionado por el editor, sino por otra entidad que trata los datos obtenidos a trav\u00e9s de las cookies.<\/li><\/ul>\t\t\t\t\t\t\t\t<\/div>\n\t\t\t\t<\/div>\n\t\t\t\t<div class=\"elementor-element elementor-element-a485510 elementor-widget elementor-widget-heading\" data-id=\"a485510\" data-element_type=\"widget\" data-widget_type=\"heading.default\">\n\t\t\t\t<div class=\"elementor-widget-container\">\n\t\t\t\t\t<h2 class=\"elementor-heading-title elementor-size-default\">Cookies usadas en la web:<\/h2>\t\t\t\t<\/div>\n\t\t\t\t<\/div>\n\t\t\t\t<div class=\"elementor-element elementor-element-e32bf88 elementor-widget elementor-widget-text-editor\" data-id=\"e32bf88\" data-element_type=\"widget\" data-widget_type=\"text-editor.default\">\n\t\t\t\t<div class=\"elementor-widget-container\">\n\t\t\t\t\t\t\t\t\t<p>La cookies que se usan en esta web est\u00e1n especificadas con descripci\u00f3n, uso y tiempo de duraci\u00f3n en el banner de cookies proporcionado por CookieYes. Para acceder hay que pulsar el icono de Cookies visible en esquina inferior izquierda de la web.<\/p>\t\t\t\t\t\t\t\t<\/div>\n\t\t\t\t<\/div>\n\t\t\t\t<div class=\"elementor-element elementor-element-352496a elementor-widget elementor-widget-heading\" data-id=\"352496a\" data-element_type=\"widget\" data-widget_type=\"heading.default\">\n\t\t\t\t<div class=\"elementor-widget-container\">\n\t\t\t\t\t<h2 class=\"elementor-heading-title elementor-size-default\">Gesti\u00f3n de cookies:<\/h2>\t\t\t\t<\/div>\n\t\t\t\t<\/div>\n\t\t\t\t<div class=\"elementor-element elementor-element-9e13933 elementor-widget elementor-widget-text-editor\" data-id=\"9e13933\" data-element_type=\"widget\" data-widget_type=\"text-editor.default\">\n\t\t\t\t<div class=\"elementor-widget-container\">\n\t\t\t\t\t\t\t\t\t<p>Puedes aceptar, rechazar o configurar el uso de cookies a trav\u00e9s del banner de cookies que aparece al entrar en nuestra web. Tambi\u00e9n puedes configurar tu navegador para bloquearlas o eliminarlas en cualquier momento.<\/p>\t\t\t\t\t\t\t\t<\/div>\n\t\t\t\t<\/div>\n\t\t\t\t<div class=\"elementor-element elementor-element-01ba651 elementor-widget elementor-widget-heading\" data-id=\"01ba651\" data-element_type=\"widget\" data-widget_type=\"heading.default\">\n\t\t\t\t<div class=\"elementor-widget-container\">\n\t\t\t\t\t<h2 class=\"elementor-heading-title elementor-size-default\">Ajustes de Cookies en los navegadores m\u00e1s comunes:<\/h2>\t\t\t\t<\/div>\n\t\t\t\t<\/div>\n\t\t\t\t<div class=\"elementor-element elementor-element-848d832 elementor-widget elementor-widget-text-editor\" data-id=\"848d832\" data-element_type=\"widget\" data-widget_type=\"text-editor.default\">\n\t\t\t\t<div class=\"elementor-widget-container\">\n\t\t\t\t\t\t\t\t\t<ul><li>Chrome: Configuraci\u00f3n \u2013 Privacidad y seguridad \u2013 Cookies<br><br><\/li><li>Firefox: Preferencias \u2013 Privacidad y seguridad \u2013 Cookies<br><br><\/li><li>Safari: Preferencias \u2013 Privacidad<\/li><\/ul>\t\t\t\t\t\t\t\t<\/div>\n\t\t\t\t<\/div>\n\t\t\t\t\t<\/div>\n\t\t\t\t<\/div>\n\t\t\t\t\t<\/div>\n\t\t\t\t<\/div>\n\t\t\t\t<\/div>\n\t\t","protected":false},"excerpt":{"rendered":"<p>Pol\u00edtica de Cookies Introducci\u00f3n Este sitio web utiliza cookies propias y de terceros para fines t\u00e9cnicos, estad\u00edsticos y publicitarios, conforme a la normativa vigente. \u00bfQu\u00e9 son las cookies? Las cookies son peque\u00f1os archivos de texto que se almacenan en tu dispositivo cuando visitas una p\u00e1gina web. Sirven para recordar tus preferencias y mejorar tu experiencia [&hellip;]<\/p>\n","protected":false},"author":1,"featured_media":0,"parent":0,"menu_order":0,"comment_status":"closed","ping_status":"closed","template":"","meta":{"footnotes":""},"class_list":["post-520","page","type-page","status-publish","hentry"],"yoast_head":"<!-- This site is optimized with the Yoast SEO plugin v26.2 - https:\/\/yoast.com\/wordpress\/plugins\/seo\/ -->\n<title>Pol\u00edtica de Cookies - Subirana Nadons<\/title>\n<meta name=\"robots\" content=\"index, follow, max-snippet:-1, max-image-preview:large, max-video-preview:-1\" \/>\n<link rel=\"canonical\" href=\"https:\/\/subirananadons.es\/ca\/politica-de-cookies\/\" \/>\n<meta property=\"og:locale\" content=\"ca_ES\" \/>\n<meta property=\"og:type\" content=\"article\" \/>\n<meta property=\"og:title\" content=\"Pol\u00edtica de Cookies - Subirana Nadons\" \/>\n<meta property=\"og:description\" content=\"Pol\u00edtica de Cookies Introducci\u00f3n Este sitio web utiliza cookies propias y de terceros para fines t\u00e9cnicos, estad\u00edsticos y publicitarios, conforme a la normativa vigente. \u00bfQu\u00e9 son las cookies? Las cookies son peque\u00f1os archivos de texto que se almacenan en tu dispositivo cuando visitas una p\u00e1gina web. Sirven para recordar tus preferencias y mejorar tu experiencia [&hellip;]\" \/>\n<meta property=\"og:url\" content=\"https:\/\/subirananadons.es\/ca\/politica-de-cookies\/\" \/>\n<meta property=\"og:site_name\" content=\"Subirana Nadons\" \/>\n<meta property=\"article:modified_time\" content=\"2025-10-28T14:48:11+00:00\" \/>\n<meta name=\"twitter:card\" content=\"summary_large_image\" \/>\n<meta name=\"twitter:label1\" content=\"Temps estimat de lectura\" \/>\n\t<meta name=\"twitter:data1\" content=\"2 minuts\" \/>\n<script type=\"application\/ld+json\" class=\"yoast-schema-graph\">{\"@context\":\"https:\/\/schema.org\",\"@graph\":[{\"@type\":\"WebPage\",\"@id\":\"https:\/\/subirananadons.es\/ca\/politica-de-cookies\/\",\"url\":\"https:\/\/subirananadons.es\/ca\/politica-de-cookies\/\",\"name\":\"Pol\u00edtica de Cookies - Subirana Nadons\",\"isPartOf\":{\"@id\":\"https:\/\/subirananadons.es\/ca\/#website\"},\"datePublished\":\"2025-04-16T10:26:44+00:00\",\"dateModified\":\"2025-10-28T14:48:11+00:00\",\"breadcrumb\":{\"@id\":\"https:\/\/subirananadons.es\/ca\/politica-de-cookies\/#breadcrumb\"},\"inLanguage\":\"ca\",\"potentialAction\":[{\"@type\":\"ReadAction\",\"target\":[\"https:\/\/subirananadons.es\/ca\/politica-de-cookies\/\"]}]},{\"@type\":\"BreadcrumbList\",\"@id\":\"https:\/\/subirananadons.es\/ca\/politica-de-cookies\/#breadcrumb\",\"itemListElement\":[{\"@type\":\"ListItem\",\"position\":1,\"name\":\"Portada\",\"item\":\"https:\/\/subirananadons.es\/ca\/\"},{\"@type\":\"ListItem\",\"position\":2,\"name\":\"Pol\u00edtica de Cookies\"}]},{\"@type\":\"WebSite\",\"@id\":\"https:\/\/subirananadons.es\/ca\/#website\",\"url\":\"https:\/\/subirananadons.es\/ca\/\",\"name\":\"Subirana Nadons\",\"description\":\"\",\"publisher\":{\"@id\":\"https:\/\/subirananadons.es\/ca\/#organization\"},\"potentialAction\":[{\"@type\":\"SearchAction\",\"target\":{\"@type\":\"EntryPoint\",\"urlTemplate\":\"https:\/\/subirananadons.es\/ca\/?s={search_term_string}\"},\"query-input\":{\"@type\":\"PropertyValueSpecification\",\"valueRequired\":true,\"valueName\":\"search_term_string\"}}],\"inLanguage\":\"ca\"},{\"@type\":\"Organization\",\"@id\":\"https:\/\/subirananadons.es\/ca\/#organization\",\"name\":\"Subirana Nadons\",\"url\":\"https:\/\/subirananadons.es\/ca\/\",\"logo\":{\"@type\":\"ImageObject\",\"inLanguage\":\"ca\",\"@id\":\"https:\/\/subirananadons.es\/ca\/#\/schema\/logo\/image\/\",\"url\":\"\",\"contentUrl\":\"\",\"caption\":\"Subirana Nadons\"},\"image\":{\"@id\":\"https:\/\/subirananadons.es\/ca\/#\/schema\/logo\/image\/\"}}]}<\/script>\n<!-- \/ Yoast SEO plugin. -->","yoast_head_json":{"title":"Pol\u00edtica de Cookies - Subirana Nadons","robots":{"index":"index","follow":"follow","max-snippet":"max-snippet:-1","max-image-preview":"max-image-preview:large","max-video-preview":"max-video-preview:-1"},"canonical":"https:\/\/subirananadons.es\/ca\/politica-de-cookies\/","og_locale":"ca_ES","og_type":"article","og_title":"Pol\u00edtica de Cookies - Subirana Nadons","og_description":"Pol\u00edtica de Cookies Introducci\u00f3n Este sitio web utiliza cookies propias y de terceros para fines t\u00e9cnicos, estad\u00edsticos y publicitarios, conforme a la normativa vigente. \u00bfQu\u00e9 son las cookies? Las cookies son peque\u00f1os archivos de texto que se almacenan en tu dispositivo cuando visitas una p\u00e1gina web. Sirven para recordar tus preferencias y mejorar tu experiencia [&hellip;]","og_url":"https:\/\/subirananadons.es\/ca\/politica-de-cookies\/","og_site_name":"Subirana Nadons","article_modified_time":"2025-10-28T14:48:11+00:00","twitter_card":"summary_large_image","twitter_misc":{"Temps estimat de lectura":"2 minuts"},"schema":{"@context":"https:\/\/schema.org","@graph":[{"@type":"WebPage","@id":"https:\/\/subirananadons.es\/ca\/politica-de-cookies\/","url":"https:\/\/subirananadons.es\/ca\/politica-de-cookies\/","name":"Pol\u00edtica de Cookies - Subirana Nadons","isPartOf":{"@id":"https:\/\/subirananadons.es\/ca\/#website"},"datePublished":"2025-04-16T10:26:44+00:00","dateModified":"2025-10-28T14:48:11+00:00","breadcrumb":{"@id":"https:\/\/subirananadons.es\/ca\/politica-de-cookies\/#breadcrumb"},"inLanguage":"ca","potentialAction":[{"@type":"ReadAction","target":["https:\/\/subirananadons.es\/ca\/politica-de-cookies\/"]}]},{"@type":"BreadcrumbList","@id":"https:\/\/subirananadons.es\/ca\/politica-de-cookies\/#breadcrumb","itemListElement":[{"@type":"ListItem","position":1,"name":"Portada","item":"https:\/\/subirananadons.es\/ca\/"},{"@type":"ListItem","position":2,"name":"Pol\u00edtica de Cookies"}]},{"@type":"WebSite","@id":"https:\/\/subirananadons.es\/ca\/#website","url":"https:\/\/subirananadons.es\/ca\/","name":"Subirana Nadons","description":"","publisher":{"@id":"https:\/\/subirananadons.es\/ca\/#organization"},"potentialAction":[{"@type":"SearchAction","target":{"@type":"EntryPoint","urlTemplate":"https:\/\/subirananadons.es\/ca\/?s={search_term_string}"},"query-input":{"@type":"PropertyValueSpecification","valueRequired":true,"valueName":"search_term_string"}}],"inLanguage":"ca"},{"@type":"Organization","@id":"https:\/\/subirananadons.es\/ca\/#organization","name":"Subirana Nadons","url":"https:\/\/subirananadons.es\/ca\/","logo":{"@type":"ImageObject","inLanguage":"ca","@id":"https:\/\/subirananadons.es\/ca\/#\/schema\/logo\/image\/","url":"","contentUrl":"","caption":"Subirana Nadons"},"image":{"@id":"https:\/\/subirananadons.es\/ca\/#\/schema\/logo\/image\/"}}]}},"_links":{"self":[{"href":"https:\/\/subirananadons.es\/ca\/wp-json\/wp\/v2\/pages\/520","targetHints":{"allow":["GET"]}}],"collection":[{"href":"https:\/\/subirananadons.es\/ca\/wp-json\/wp\/v2\/pages"}],"about":[{"href":"https:\/\/subirananadons.es\/ca\/wp-json\/wp\/v2\/types\/page"}],"author":[{"embeddable":true,"href":"https:\/\/subirananadons.es\/ca\/wp-json\/wp\/v2\/users\/1"}],"replies":[{"embeddable":true,"href":"https:\/\/subirananadons.es\/ca\/wp-json\/wp\/v2\/comments?post=520"}],"version-history":[{"count":6,"href":"https:\/\/subirananadons.es\/ca\/wp-json\/wp\/v2\/pages\/520\/revisions"}],"predecessor-version":[{"id":1225,"href":"https:\/\/subirananadons.es\/ca\/wp-json\/wp\/v2\/pages\/520\/revisions\/1225"}],"wp:attachment":[{"href":"https:\/\/subirananadons.es\/ca\/wp-json\/wp\/v2\/media?parent=520"}],"curies":[{"name":"wp","href":"https:\/\/api.w.org\/{rel}","templated":true}]}}